{"id":2010,"date":"2020-10-16T13:37:20","date_gmt":"2020-10-16T13:37:20","guid":{"rendered":"http:\/\/www.osvojislavilicmladji.edu.rs\/osvim\/?page_id=2010"},"modified":"2020-10-16T13:53:07","modified_gmt":"2020-10-16T13:53:07","slug":"besplatni-kursevi-engleskog","status":"publish","type":"page","link":"https:\/\/www.osvojislavilicmladji.edu.rs\/osvim\/vojislav-ilic-mladji\/besplatni-kursevi-engleskog\/","title":{"rendered":"Besplatni kursevi engleskog"},"content":{"rendered":"<div id=\"fb-root\"><\/div>\n\n<p>Dragi \u0111aci,<\/p>\n\n\n\n<p>Obave\u0161tavamo Vas da smo povodom po\u010detka nove \u0161kolske godine u saradnji sa kompanijom LINK group obezbedili&nbsp; <strong>besplatne online kurseve engleskog jezika.<\/strong><\/p>\n\n\n\n<p><a href=\"https:\/\/www.it-akademija.com\/\" target=\"_blank\" rel=\"noreferrer noopener\">ITAcademy<\/a> kao deo kompanije LINKgroup ovim kursevima pru\u017eaju odli\u010dnu priliku \u0111acima koji \u017eele da usavr\u0161e i unaprede svoje znanje engleskog jezika da postanu \u0161to uspe\u0161niji u daljem obrazovanju i kasnije u poslu.<\/p>\n\n\n\n<p>Ukoliko ste \u0111ak V-VIII razreda i \u017eelite da unapredite svoje znanje engleskog jezika pozivamo Vas da se prijavite za besplatan online kurs engleskog jezika kod svog nastavnika koji \u0107e odlu\u010diti ko \u0107e dobiti mogu\u0107nost za poha\u0111anje ovih kurseva.&nbsp;<\/p>\n\n\n\n<p>Ukoliko budete bili jedan od dobitnika, dobi\u0107ete poklon kod sa kojim ostvarujete pravo na besplatan kurs. Nakon \u0161to dobijeni kod unesete na <a href=\"https:\/\/www.it-akademija.com\/poklon-kurs-za-vasa-nova-znanja\" target=\"_blank\" rel=\"noreferrer noopener\">strani prijave<\/a> dobi\u0107ete na mejl sva potrebna uputstva za poha\u0111anje izabranog online kursa.<\/p>\n\n\n\n<p>Pozivamo sve \u0111ake da se aktivno uklju\u010de u usavr\u0161avanje znanja engleskog jezika kako bi time sebi otvorili \u0161to vi\u0161e mogu\u0107nosti za dalje obrazovanje i razvoj karijere.<\/p>\n","protected":false},"excerpt":{"rendered":"<p>Dragi \u0111aci, Obave\u0161tavamo Vas da smo povodom po\u010detka nove \u0161kolske godine u saradnji sa kompanijom LINK group obezbedili&nbsp; besplatne online kurseve engleskog jezika. ITAcademy kao deo kompanije LINKgroup ovim kursevima pru\u017eaju odli\u010dnu priliku \u0111acima koji \u017eele da usavr\u0161e i unaprede svoje znanje engleskog jezika da postanu \u0161to uspe\u0161niji u daljem obrazovanju i kasnije u poslu. [&hellip;]<\/p>\n","protected":false},"author":1,"featured_media":0,"parent":205,"menu_order":0,"comment_status":"closed","ping_status":"closed","template":"","meta":{"jetpack_post_was_ever_published":false,"footnotes":""},"class_list":["post-2010","page","type-page","status-publish","hentry"],"jetpack_sharing_enabled":true,"jetpack_shortlink":"https:\/\/wp.me\/P5pAgk-wq","_links":{"self":[{"href":"https:\/\/www.osvojislavilicmladji.edu.rs\/osvim\/wp-json\/wp\/v2\/pages\/2010","targetHints":{"allow":["GET"]}}],"collection":[{"href":"https:\/\/www.osvojislavilicmladji.edu.rs\/osvim\/wp-json\/wp\/v2\/pages"}],"about":[{"href":"https:\/\/www.osvojislavilicmladji.edu.rs\/osvim\/wp-json\/wp\/v2\/types\/page"}],"author":[{"embeddable":true,"href":"https:\/\/www.osvojislavilicmladji.edu.rs\/osvim\/wp-json\/wp\/v2\/users\/1"}],"replies":[{"embeddable":true,"href":"https:\/\/www.osvojislavilicmladji.edu.rs\/osvim\/wp-json\/wp\/v2\/comments?post=2010"}],"version-history":[{"count":3,"href":"https:\/\/www.osvojislavilicmladji.edu.rs\/osvim\/wp-json\/wp\/v2\/pages\/2010\/revisions"}],"predecessor-version":[{"id":2019,"href":"https:\/\/www.osvojislavilicmladji.edu.rs\/osvim\/wp-json\/wp\/v2\/pages\/2010\/revisions\/2019"}],"up":[{"embeddable":true,"href":"https:\/\/www.osvojislavilicmladji.edu.rs\/osvim\/wp-json\/wp\/v2\/pages\/205"}],"wp:attachment":[{"href":"https:\/\/www.osvojislavilicmladji.edu.rs\/osvim\/wp-json\/wp\/v2\/media?parent=2010"}],"curies":[{"name":"wp","href":"https:\/\/api.w.org\/{rel}","templated":true}]}}